{"id":31222,"date":"2026-03-03T09:02:43","date_gmt":"2026-03-03T01:02:43","guid":{"rendered":"https:\/\/gencore-bottle.com\/?post_type=product&#038;p=31222"},"modified":"2026-03-03T09:02:44","modified_gmt":"2026-03-03T01:02:44","slug":"wholesale-protective-silicone-boots-water-bottle-covers","status":"publish","type":"product","link":"https:\/\/gencore-bottle.com\/es\/products\/wholesale-protective-silicone-boots-water-bottle-covers\/","title":{"rendered":"Fundas Protectoras de Silicona para Vasos al por Mayor | Cubiertas Antideslizantes para la Base de Botellas"},"content":{"rendered":"","protected":false},"excerpt":{"rendered":"<p class=\"ng-star-inserted translation-block\">Material: Silicona de grado alimenticio de alta densidad (libre de BPA)<\/p>\n<p class=\"ng-star-inserted translation-block\">Compatibilidad: Se adapta a la mayor\u00eda de los vasos de 12oz, 20oz, 30oz y 40oz<\/p>\n<p class=\"ng-star-inserted translation-block\">Funci\u00f3n: Antideslizante, reducci\u00f3n de ruido, protecci\u00f3n contra impactos<\/p>\n<p class=\"ng-star-inserted translation-block\">Personalizaci\u00f3n: Colores Pantone personalizados y logotipo de marca propia disponibles<\/p>\n<p class=\"ng-star-inserted translation-block\">MOQ: 100 piezas (Stock), 1000 piezas (Color personalizado)<\/p>\n<p class=\"ng-star-inserted translation-block\">Ideal para: Complementos de venta minorista, vendedores de Amazon FBA, protecci\u00f3n de mercanc\u00eda corporativa<\/p>","protected":false},"featured_media":31223,"comment_status":"closed","ping_status":"closed","template":"","meta":{"_joinchat":[]},"product_brand":[],"product_cat":[84],"product_tag":[],"class_list":{"0":"post-31222","1":"product","2":"type-product","3":"status-publish","4":"has-post-thumbnail","6":"product_cat-tumbler-parts-accessories","8":"first","9":"instock","10":"shipping-taxable","11":"product-type-simple"},"_links":{"self":[{"href":"https:\/\/gencore-bottle.com\/es\/wp-json\/wp\/v2\/product\/31222","targetHints":{"allow":["GET"]}}],"collection":[{"href":"https:\/\/gencore-bottle.com\/es\/wp-json\/wp\/v2\/product"}],"about":[{"href":"https:\/\/gencore-bottle.com\/es\/wp-json\/wp\/v2\/types\/product"}],"replies":[{"embeddable":true,"href":"https:\/\/gencore-bottle.com\/es\/wp-json\/wp\/v2\/comments?post=31222"}],"version-history":[{"count":2,"href":"https:\/\/gencore-bottle.com\/es\/wp-json\/wp\/v2\/product\/31222\/revisions"}],"predecessor-version":[{"id":31225,"href":"https:\/\/gencore-bottle.com\/es\/wp-json\/wp\/v2\/product\/31222\/revisions\/31225"}],"wp:featuredmedia":[{"embeddable":true,"href":"https:\/\/gencore-bottle.com\/es\/wp-json\/wp\/v2\/media\/31223"}],"wp:attachment":[{"href":"https:\/\/gencore-bottle.com\/es\/wp-json\/wp\/v2\/media?parent=31222"}],"wp:term":[{"taxonomy":"product_brand","embeddable":true,"href":"https:\/\/gencore-bottle.com\/es\/wp-json\/wp\/v2\/product_brand?post=31222"},{"taxonomy":"product_cat","embeddable":true,"href":"https:\/\/gencore-bottle.com\/es\/wp-json\/wp\/v2\/product_cat?post=31222"},{"taxonomy":"product_tag","embeddable":true,"href":"https:\/\/gencore-bottle.com\/es\/wp-json\/wp\/v2\/product_tag?post=31222"}],"curies":[{"name":"wp","href":"https:\/\/api.w.org\/{rel}","templated":true}]}}