{"id":31218,"date":"2026-03-03T08:53:57","date_gmt":"2026-03-03T00:53:57","guid":{"rendered":"https:\/\/gencore-bottle.com\/?post_type=product&#038;p=31218"},"modified":"2026-03-03T08:53:57","modified_gmt":"2026-03-03T00:53:57","slug":"wholesale-reusable-straws-stainless-steel-silicone","status":"publish","type":"product","link":"https:\/\/gencore-bottle.com\/es\/products\/wholesale-reusable-straws-stainless-steel-silicone\/","title":{"rendered":"Pajitas Reutilizables al por Mayor | Accesorios para Bebidas Ecol\u00f3gicos de M\u00faltiples Materiales"},"content":{"rendered":"","protected":false},"excerpt":{"rendered":"<p class=\"ng-star-inserted translation-block\">Materiales: Acero inoxidable 304, silicona de grado alimenticio, Trit\u00e1n<\/p>\n<p class=\"ng-star-inserted translation-block\">Variedad: Opciones rectas, curvas, extra largas y tama\u00f1o para t\u00e9 de burbujas (Boba)<\/p>\n<p class=\"ng-star-inserted translation-block\">Seguridad: 100% libre de BPA, no t\u00f3xico y resistente al calor<\/p>\n<p class=\"ng-star-inserted translation-block\">Compatibilidad: Se adapta a todos los vasos est\u00e1ndar de 12oz a 40oz<\/p>\n<p class=\"ng-star-inserted translation-block\">Personalizaci\u00f3n: Logotipo grabado con l\u00e1ser e igualaci\u00f3n de color Pantone personalizado<\/p>\n<p class=\"ng-star-inserted translation-block\">MOQ: 500 piezas (Art\u00edculos en stock), 2000 piezas (Personalizaci\u00f3n OEM completa)<\/p>\n<hr class=\"ng-star-inserted\" \/>","protected":false},"featured_media":31219,"comment_status":"closed","ping_status":"closed","template":"","meta":{"_joinchat":[]},"product_brand":[],"product_cat":[84],"product_tag":[],"class_list":{"0":"post-31218","1":"product","2":"type-product","3":"status-publish","4":"has-post-thumbnail","6":"product_cat-tumbler-parts-accessories","8":"first","9":"instock","10":"shipping-taxable","11":"product-type-simple"},"_links":{"self":[{"href":"https:\/\/gencore-bottle.com\/es\/wp-json\/wp\/v2\/product\/31218","targetHints":{"allow":["GET"]}}],"collection":[{"href":"https:\/\/gencore-bottle.com\/es\/wp-json\/wp\/v2\/product"}],"about":[{"href":"https:\/\/gencore-bottle.com\/es\/wp-json\/wp\/v2\/types\/product"}],"replies":[{"embeddable":true,"href":"https:\/\/gencore-bottle.com\/es\/wp-json\/wp\/v2\/comments?post=31218"}],"version-history":[{"count":2,"href":"https:\/\/gencore-bottle.com\/es\/wp-json\/wp\/v2\/product\/31218\/revisions"}],"predecessor-version":[{"id":31221,"href":"https:\/\/gencore-bottle.com\/es\/wp-json\/wp\/v2\/product\/31218\/revisions\/31221"}],"wp:featuredmedia":[{"embeddable":true,"href":"https:\/\/gencore-bottle.com\/es\/wp-json\/wp\/v2\/media\/31219"}],"wp:attachment":[{"href":"https:\/\/gencore-bottle.com\/es\/wp-json\/wp\/v2\/media?parent=31218"}],"wp:term":[{"taxonomy":"product_brand","embeddable":true,"href":"https:\/\/gencore-bottle.com\/es\/wp-json\/wp\/v2\/product_brand?post=31218"},{"taxonomy":"product_cat","embeddable":true,"href":"https:\/\/gencore-bottle.com\/es\/wp-json\/wp\/v2\/product_cat?post=31218"},{"taxonomy":"product_tag","embeddable":true,"href":"https:\/\/gencore-bottle.com\/es\/wp-json\/wp\/v2\/product_tag?post=31218"}],"curies":[{"name":"wp","href":"https:\/\/api.w.org\/{rel}","templated":true}]}}