{"id":30563,"date":"2026-02-25T17:44:07","date_gmt":"2026-02-25T09:44:07","guid":{"rendered":"https:\/\/gencore-bottle.com\/?post_type=product&#038;p=30563"},"modified":"2026-02-27T17:39:59","modified_gmt":"2026-02-27T09:39:59","slug":"500ml-one-touch-flip-top-vacuum-insulated-travel-mug-wholesale","status":"publish","type":"product","link":"https:\/\/gencore-bottle.com\/es\/products\/500ml-one-touch-flip-top-vacuum-insulated-travel-mug-wholesale\/","title":{"rendered":"Taza de Viaje T\u00e9rmica al Vac\u00edo 500 ml con Tapa Abatible One-Touch (Serie Business)"},"content":{"rendered":"<div data-elementor-type=\"wp-post\" data-elementor-id=\"30563\" class=\"elementor elementor-30563\">\n\t\t\t\t<div class=\"elementor-element elementor-element-e697077 e-con-full e-flex e-con e-child\" data-id=\"e697077\" data-element_type=\"container\" data-e-type=\"container\">\n\t\t<div class=\"elementor-element elementor-element-c1c638f e-con-full e-flex e-con e-child\" data-id=\"c1c638f\" data-element_type=\"container\" data-e-type=\"container\" data-settings=\"{&quot;background_background&quot;:&quot;classic&quot;}\">\n\t\t\t\t<div class=\"elementor-element elementor-element-53e4d51 elementor-widget elementor-widget-heading\" data-id=\"53e4d51\" data-element_type=\"widget\" data-e-type=\"widget\" data-widget_type=\"heading.default\">\n\t\t\t\t\t<h2 class=\"elementor-heading-title elementor-size-default\">CARACTER\u00cdSTICAS PRINCIPALES<\/h2>\t\t\t\t<\/div>\n\t\t\t\t<\/div>\n\t\t<div class=\"elementor-element elementor-element-d252267 e-con-full e-flex e-con e-child\" data-id=\"d252267\" data-element_type=\"container\" data-e-type=\"container\" data-settings=\"{&quot;background_background&quot;:&quot;classic&quot;}\">\n\t\t<div class=\"elementor-element elementor-element-7464040 e-con-full e-flex e-con e-child\" data-id=\"7464040\" data-element_type=\"container\" data-e-type=\"container\">\n\t\t\t\t<div class=\"elementor-element elementor-element-511016d elementor-widget elementor-widget-image\" data-id=\"511016d\" data-element_type=\"widget\" data-e-type=\"widget\" data-widget_type=\"image.default\">\n\t\t\t\t\t\t\t\t\t\t\t\t\t\t\t<img decoding=\"async\" width=\"1600\" height=\"1600\" src=\"https:\/\/gencore-bottle.com\/wp-content\/themes\/woodmart\/images\/lazy.svg\" class=\"attachment-full size-full wp-image-30569\" alt=\"Detailed structure of pop-up lid, safety lock, and SUS 304 stainless steel interior layer of vacuum tumblers.\" loading=\"lazy\" srcset=\"\" sizes=\"auto, (max-width: 1600px) 100vw, 1600px\" data-src=\"https:\/\/gencore-bottle.com\/wp-content\/uploads\/2026\/02\/stainless-steel-tumbler-lid-structure-detail-304-inner.webp\" data-srcset=\"https:\/\/gencore-bottle.com\/wp-content\/uploads\/2026\/02\/stainless-steel-tumbler-lid-structure-detail-304-inner.webp 1600w, https:\/\/gencore-bottle.com\/wp-content\/uploads\/2026\/02\/stainless-steel-tumbler-lid-structure-detail-304-inner-430x430.webp 430w, https:\/\/gencore-bottle.com\/wp-content\/uploads\/2026\/02\/stainless-steel-tumbler-lid-structure-detail-304-inner-100x100.webp 100w, https:\/\/gencore-bottle.com\/wp-content\/uploads\/2026\/02\/stainless-steel-tumbler-lid-structure-detail-304-inner-700x700.webp 700w, https:\/\/gencore-bottle.com\/wp-content\/uploads\/2026\/02\/stainless-steel-tumbler-lid-structure-detail-304-inner-300x300.webp 300w, https:\/\/gencore-bottle.com\/wp-content\/uploads\/2026\/02\/stainless-steel-tumbler-lid-structure-detail-304-inner-800x800.webp 800w, https:\/\/gencore-bottle.com\/wp-content\/uploads\/2026\/02\/stainless-steel-tumbler-lid-structure-detail-304-inner-150x150.webp 150w, https:\/\/gencore-bottle.com\/wp-content\/uploads\/2026\/02\/stainless-steel-tumbler-lid-structure-detail-304-inner-768x768.webp 768w, https:\/\/gencore-bottle.com\/wp-content\/uploads\/2026\/02\/stainless-steel-tumbler-lid-structure-detail-304-inner-1536x1536.webp 1536w\" \/>\t\t\t\t\t\t\t\t\t\t\t\t\t\t\t<\/div>\n\t\t\t\t<\/div>\n\t\t<div class=\"elementor-element elementor-element-82a0e17 e-con-full e-flex e-con e-child\" data-id=\"82a0e17\" data-element_type=\"container\" data-e-type=\"container\">\n\t\t\t\t<div class=\"elementor-element elementor-element-f1ea507 elementor-widget elementor-widget-heading\" data-id=\"f1ea507\" data-element_type=\"widget\" data-e-type=\"widget\" data-widget_type=\"heading.default\">\n\t\t\t\t\t<h3 class=\"elementor-heading-title elementor-size-default\">Dise\u00f1ado para el Profesional Moderno<\/h3>\t\t\t\t<\/div>\n\t\t\t\t<div class=\"elementor-element elementor-element-0ab8331 elementor-widget elementor-widget-wd_text_block\" data-id=\"0ab8331\" data-element_type=\"widget\" data-e-type=\"widget\" data-widget_type=\"wd_text_block.default\">\n\t\t\t\t<div class=\"elementor-widget-container\">\n\t\t\t\t\t\t\t<div class=\"wd-text-block reset-last-child text-left color-primary\">\n\t\t\t\n\t\t\t<p class=\"translation-block\">Un superventas atemporal en el mercado de regalos corporativos. Combinando una est\u00e9tica sofisticada con funcionalidad pr\u00e1ctica, esta taza t\u00e9rmica de acero inoxidable es la compa\u00f1era ideal para empleados de oficina y viajeros diarios. Disponible en colores profesionales como Oro Champ\u00e1n y Negro Gentleman para adaptarse a cualquier identidad corporativa.<\/p>\n\t\t\t\t\t<\/div>\n\t\t\t\t\t\t<\/div>\n\t\t\t\t<\/div>\n\t\t\t\t<\/div>\n\t\t\t\t<\/div>\n\t\t<div class=\"elementor-element elementor-element-2a8949e e-con-full e-flex e-con e-child\" data-id=\"2a8949e\" data-element_type=\"container\" data-e-type=\"container\" data-settings=\"{&quot;background_background&quot;:&quot;classic&quot;}\">\n\t\t<div class=\"elementor-element elementor-element-cbc0714 e-con-full e-flex e-con e-child\" data-id=\"cbc0714\" data-element_type=\"container\" data-e-type=\"container\">\n\t\t\t\t<div class=\"elementor-element elementor-element-3f736db elementor-widget elementor-widget-image\" data-id=\"3f736db\" data-element_type=\"widget\" data-e-type=\"widget\" data-widget_type=\"image.default\">\n\t\t\t\t\t\t\t\t\t\t\t\t\t\t\t<img decoding=\"async\" width=\"1600\" height=\"1600\" src=\"https:\/\/gencore-bottle.com\/wp-content\/themes\/woodmart\/images\/lazy.svg\" class=\"attachment-full size-full wp-image-30570\" alt=\"One-Touch Flip &amp; Sip Technology\" loading=\"lazy\" srcset=\"\" sizes=\"auto, (max-width: 1600px) 100vw, 1600px\" data-src=\"https:\/\/gencore-bottle.com\/wp-content\/uploads\/2026\/02\/one-click-popup-lid-mechanism-demonstration.webp\" data-srcset=\"https:\/\/gencore-bottle.com\/wp-content\/uploads\/2026\/02\/one-click-popup-lid-mechanism-demonstration.webp 1600w, https:\/\/gencore-bottle.com\/wp-content\/uploads\/2026\/02\/one-click-popup-lid-mechanism-demonstration-430x430.webp 430w, https:\/\/gencore-bottle.com\/wp-content\/uploads\/2026\/02\/one-click-popup-lid-mechanism-demonstration-100x100.webp 100w, https:\/\/gencore-bottle.com\/wp-content\/uploads\/2026\/02\/one-click-popup-lid-mechanism-demonstration-700x700.webp 700w, https:\/\/gencore-bottle.com\/wp-content\/uploads\/2026\/02\/one-click-popup-lid-mechanism-demonstration-300x300.webp 300w, https:\/\/gencore-bottle.com\/wp-content\/uploads\/2026\/02\/one-click-popup-lid-mechanism-demonstration-800x800.webp 800w, https:\/\/gencore-bottle.com\/wp-content\/uploads\/2026\/02\/one-click-popup-lid-mechanism-demonstration-150x150.webp 150w, https:\/\/gencore-bottle.com\/wp-content\/uploads\/2026\/02\/one-click-popup-lid-mechanism-demonstration-768x768.webp 768w, https:\/\/gencore-bottle.com\/wp-content\/uploads\/2026\/02\/one-click-popup-lid-mechanism-demonstration-1536x1536.webp 1536w\" \/>\t\t\t\t\t\t\t\t\t\t\t\t\t\t\t<\/div>\n\t\t\t\t<\/div>\n\t\t<div class=\"elementor-element elementor-element-82208be e-con-full e-flex e-con e-child\" data-id=\"82208be\" data-element_type=\"container\" data-e-type=\"container\">\n\t\t\t\t<div class=\"elementor-element elementor-element-9776bd4 elementor-widget elementor-widget-heading\" data-id=\"9776bd4\" data-element_type=\"widget\" data-e-type=\"widget\" data-widget_type=\"heading.default\">\n\t\t\t\t\t<h3 class=\"elementor-heading-title elementor-size-default\">Tecnolog\u00eda Flip &amp; Sip con Un Solo Toque<\/h3>\t\t\t\t<\/div>\n\t\t\t\t<div class=\"elementor-element elementor-element-9f5ff08 elementor-widget elementor-widget-wd_text_block\" data-id=\"9f5ff08\" data-element_type=\"widget\" data-e-type=\"widget\" data-widget_type=\"wd_text_block.default\">\n\t\t\t\t<div class=\"elementor-widget-container\">\n\t\t\t\t\t\t\t<div class=\"wd-text-block reset-last-child text-left color-primary\">\n\t\t\t\n\t\t\t<p class=\"translation-block\">La seguridad se une a la comodidad. A diferencia de las botellas tradicionales con tapa de rosca, este modelo incorpora una tapa abatible con bot\u00f3n de presi\u00f3n que permite beber directamente sin retirar la tapa, perfecta para conducir o realizar m\u00faltiples tareas. El seguro de seguridad integrado evita derrames accidentales dentro de su bolso o mochila.<\/p>\n\t\t\t\t\t<\/div>\n\t\t\t\t\t\t<\/div>\n\t\t\t\t<\/div>\n\t\t\t\t<\/div>\n\t\t\t\t<\/div>\n\t\t<div class=\"elementor-element elementor-element-cf70cf6 e-con-full e-flex e-con e-child\" data-id=\"cf70cf6\" data-element_type=\"container\" data-e-type=\"container\" data-settings=\"{&quot;background_background&quot;:&quot;classic&quot;}\">\n\t\t<div class=\"elementor-element elementor-element-0d9093c e-con-full e-flex e-con e-child\" data-id=\"0d9093c\" data-element_type=\"container\" data-e-type=\"container\">\n\t\t\t\t<div class=\"elementor-element elementor-element-9da182b elementor-widget elementor-widget-image\" data-id=\"9da182b\" data-element_type=\"widget\" data-e-type=\"widget\" data-widget_type=\"image.default\">\n\t\t\t\t\t\t\t\t\t\t\t\t\t\t\t<img decoding=\"async\" width=\"1600\" height=\"1600\" src=\"https:\/\/gencore-bottle.com\/wp-content\/themes\/woodmart\/images\/lazy.svg\" class=\"attachment-full size-full wp-image-30572\" alt=\"Designed for the Modern Professional\" loading=\"lazy\" srcset=\"\" sizes=\"auto, (max-width: 1600px) 100vw, 1600px\" data-src=\"https:\/\/gencore-bottle.com\/wp-content\/uploads\/2026\/02\/17oz-insulated-water-bottle-dimensions-specifications.webp\" data-srcset=\"https:\/\/gencore-bottle.com\/wp-content\/uploads\/2026\/02\/17oz-insulated-water-bottle-dimensions-specifications.webp 1600w, https:\/\/gencore-bottle.com\/wp-content\/uploads\/2026\/02\/17oz-insulated-water-bottle-dimensions-specifications-430x430.webp 430w, https:\/\/gencore-bottle.com\/wp-content\/uploads\/2026\/02\/17oz-insulated-water-bottle-dimensions-specifications-100x100.webp 100w, https:\/\/gencore-bottle.com\/wp-content\/uploads\/2026\/02\/17oz-insulated-water-bottle-dimensions-specifications-700x700.webp 700w, https:\/\/gencore-bottle.com\/wp-content\/uploads\/2026\/02\/17oz-insulated-water-bottle-dimensions-specifications-300x300.webp 300w, https:\/\/gencore-bottle.com\/wp-content\/uploads\/2026\/02\/17oz-insulated-water-bottle-dimensions-specifications-800x800.webp 800w, https:\/\/gencore-bottle.com\/wp-content\/uploads\/2026\/02\/17oz-insulated-water-bottle-dimensions-specifications-150x150.webp 150w, https:\/\/gencore-bottle.com\/wp-content\/uploads\/2026\/02\/17oz-insulated-water-bottle-dimensions-specifications-768x768.webp 768w, https:\/\/gencore-bottle.com\/wp-content\/uploads\/2026\/02\/17oz-insulated-water-bottle-dimensions-specifications-1536x1536.webp 1536w\" \/>\t\t\t\t\t\t\t\t\t\t\t\t\t\t\t<\/div>\n\t\t\t\t<\/div>\n\t\t<div class=\"elementor-element elementor-element-ac0c404 e-con-full e-flex e-con e-child\" data-id=\"ac0c404\" data-element_type=\"container\" data-e-type=\"container\">\n\t\t\t\t<div class=\"elementor-element elementor-element-203f942 elementor-widget elementor-widget-heading\" data-id=\"203f942\" data-element_type=\"widget\" data-e-type=\"widget\" data-widget_type=\"heading.default\">\n\t\t\t\t\t<h3 class=\"elementor-heading-title elementor-size-default\">Dise\u00f1o Optimizado para Viajeros<\/h3>\t\t\t\t<\/div>\n\t\t\t\t<div class=\"elementor-element elementor-element-d9438ab elementor-widget elementor-widget-wd_text_block\" data-id=\"d9438ab\" data-element_type=\"widget\" data-e-type=\"widget\" data-widget_type=\"wd_text_block.default\">\n\t\t\t\t<div class=\"elementor-widget-container\">\n\t\t\t\t\t\t\t<div class=\"wd-text-block reset-last-child text-left color-primary\">\n\t\t\t\n\t\t\t<p class=\"translation-block\">Con una base delgada de 6,5 cm de di\u00e1metro, esta taza t\u00e9rmica para autom\u00f3vil encaja perfectamente en casi todos los portavasos est\u00e1ndar de veh\u00edculos. Su alta frecuencia de uso garantiza que el logotipo de su marca obtenga m\u00e1xima visibilidad cada d\u00eda, convirti\u00e9ndolo en un art\u00edculo promocional de alto retorno de inversi\u00f3n (ROI).<\/p>\n\t\t\t\t\t<\/div>\n\t\t\t\t\t\t<\/div>\n\t\t\t\t<\/div>\n\t\t\t\t<\/div>\n\t\t\t\t<\/div>\n\t\t<div class=\"elementor-element elementor-element-1e8208d e-con-full e-flex e-con e-child\" data-id=\"1e8208d\" data-element_type=\"container\" data-e-type=\"container\" data-settings=\"{&quot;background_background&quot;:&quot;classic&quot;}\">\n\t\t\t\t<div class=\"elementor-element elementor-element-0beb9e7 elementor-widget elementor-widget-heading\" data-id=\"0beb9e7\" data-element_type=\"widget\" data-e-type=\"widget\" data-widget_type=\"heading.default\">\n\t\t\t\t\t<h2 class=\"elementor-heading-title elementor-size-default\">ESPECIFICACIONES<\/h2>\t\t\t\t<\/div>\n\t\t\t\t<div class=\"elementor-element elementor-element-0fbf684 elementor-widget elementor-widget-html\" data-id=\"0fbf684\" data-element_type=\"widget\" data-e-type=\"widget\" data-widget_type=\"html.default\">\n\t\t\t\t\t<style>\n    \/* 1. \u54cd\u5e94\u5f0f\u6eda\u52a8\u5bb9\u5668\u8bbe\u7f6e *\/\n    .gencore-scroll-wrapper {\n        width: 100%;\n        overflow-x: auto; \/* \u5f00\u542f\u6a2a\u5411\u6eda\u52a8 *\/\n        margin: 20px 0;\n        border: 1px solid #eeeeee; \/* \u7ed9\u8868\u683c\u52a0\u4e00\u4e2a\u7ec6\u8fb9\u6846\uff0c\u663e\u9ad8\u7aef *\/\n        border-radius: 4px;\n    }\n\n    \/* 2. \u8868\u683c\u6838\u5fc3\u6837\u5f0f *\/\n    .gencore-local-table {\n        width: 100%;\n        border-collapse: collapse;\n        font-family: sans-serif;\n        background-color: #ffffff;\n    }\n\n    \/* 3. \u624b\u673a\u7aef\u5f3a\u5236\u6700\u5c0f\u5bbd\u5ea6\uff08\u8fd9\u662f\u4ea7\u751f\u6ed1\u52a8\u7684\u5173\u952e\uff09 *\/\n    @media (max-width: 768px) {\n        .gencore-local-table {\n            min-width: 500px; \/* \u5728\u624b\u673a\u4e0a\u8868\u683c\u81f3\u5c11\u5bbd500px\uff0c\u4fdd\u8bc1\u6587\u5b57\u4e0d\u6324\u538b *\/\n        }\n    }\n\n    .gencore-local-table th {\n        text-align: left;\n        padding: 15px 20px;\n        background-color: #f5f5f5;\n        font-weight: 700;\n        text-transform: uppercase;\n        font-size: 13px;\n        border-bottom: 2px solid #222222;\n    }\n\n    .gencore-local-table td {\n        padding: 15px 20px;\n        border-bottom: 1px solid #eeeeee;\n        font-size: 14px;\n        color: #333;\n    }\n\n    \/* \u6591\u9a6c\u7eb9\u6548\u679c *\/\n    .gencore-local-table tr:nth-child(even) {\n        background-color: #f9f9f9;\n    }\n<\/style>\n\n<div class=\"gencore-scroll-wrapper\">\n    <table class=\"gencore-local-table\">\n        <thead>\n            <tr>\n                <th>PAR\u00c1METRO<\/th>\n                <th>DETALLES<\/th>\n            <\/tr>\n        <\/thead>\n        <tbody>\n            <tr>\n                <td><strong>N\u00famero de Modelo<\/strong><\/td>\n                <td>IW-500 Serie Business<\/td>\n            <\/tr>\n            <tr>\n                <td><strong>Capacidad<\/strong><\/td>\n                <td>500 ml (17 oz)<\/td>\n            <\/tr>\n            <tr>\n                <td><strong>Material<\/strong><\/td>\n                <td>Acero inoxidable 304; Exterior: Acero inoxidable 201<\/td>\n            <\/tr>\n            <tr>\n                <td><strong>Mecanismo de Tapa<\/strong><\/td>\n                <td>Bot\u00f3n de presi\u00f3n One-Touch + Seguro de seguridad<\/td>\n            <\/tr>\n            <tr>\n                <td><strong>Rendimiento T\u00e9rmico<\/strong><\/td>\n                <td class=\"translation-block\">Caliente &gt; 60\u00b0C (6 h); Fr\u00edo &lt; 10\u00b0C (12 h)<\/td>\n            <\/tr>\n            <tr>\n                <td><strong>Dimensiones<\/strong><\/td>\n                <td>Altura: 23 cm \/ Di\u00e1metro: 6,5 cm<\/td>\n            <\/tr>\n            <tr>\n                <td><strong>Acabado Superficial<\/strong><\/td>\n                <td>Pintura brillante o acabado mate disponible<\/td>\n            <\/tr>\n            <tr>\n                <td><strong>MOQ (Cantidad M\u00ednima de Pedido)<\/strong><\/td>\n                <td>50 piezas (colores en stock) \/ 500 piezas (personalizado)<\/td>\n            <\/tr>\n        <\/tbody>\n    <\/table>\n<\/div>\t\t\t\t<\/div>\n\t\t\t\t<\/div>\n\t\t<div class=\"elementor-element elementor-element-c3f4bb7 e-con-full e-flex e-con e-child\" data-id=\"c3f4bb7\" data-element_type=\"container\" data-e-type=\"container\">\n\t\t\t\t<div class=\"elementor-element elementor-element-b02bbbf elementor-widget elementor-widget-heading\" data-id=\"b02bbbf\" data-element_type=\"widget\" data-e-type=\"widget\" data-widget_type=\"heading.default\">\n\t\t\t\t\t<h2 class=\"elementor-heading-title elementor-size-default\">PREGUNTAS FRECUENTES<\/h2>\t\t\t\t<\/div>\n\t\t\t\t<div class=\"elementor-element elementor-element-0fd7af3 elementor-widget elementor-widget-n-accordion\" data-id=\"0fd7af3\" data-element_type=\"widget\" data-e-type=\"widget\" data-settings=\"{&quot;default_state&quot;:&quot;expanded&quot;,&quot;max_items_expended&quot;:&quot;one&quot;,&quot;n_accordion_animation_duration&quot;:{&quot;unit&quot;:&quot;ms&quot;,&quot;size&quot;:400,&quot;sizes&quot;:[]}}\" data-widget_type=\"nested-accordion.default\">\n\t\t\t\t\t\t\t<div class=\"e-n-accordion\" aria-label=\"Accordion. Open links with Enter or Space, close with Escape, and navigate with Arrow Keys\">\n\t\t\t\t\t\t<details id=\"e-n-accordion-item-1660\" class=\"e-n-accordion-item\" open>\n\t\t\t\t<summary class=\"e-n-accordion-item-title\" data-accordion-index=\"1\" tabindex=\"0\" aria-expanded=\"true\" aria-controls=\"e-n-accordion-item-1660\" >\n\t\t\t\t\t<span class='e-n-accordion-item-title-header'><div class=\"e-n-accordion-item-title-text\"> \u00bfPuedo mezclar colores en un mismo pedido? <\/div><\/span>\n\t\t\t\t\t\t\t<span class='e-n-accordion-item-title-icon'>\n\t\t\t<span class='e-opened' ><svg aria-hidden=\"true\" class=\"e-font-icon-svg e-fas-minus\" viewbox=\"0 0 448 512\" xmlns=\"http:\/\/www.w3.org\/2000\/svg\"><path d=\"M416 208H32c-17.67 0-32 14.33-32 32v32c0 17.67 14.33 32 32 32h384c17.67 0 32-14.33 32-32v-32c0-17.67-14.33-32-32-32z\"><\/path><\/svg><\/span>\n\t\t\t<span class='e-closed'><svg aria-hidden=\"true\" class=\"e-font-icon-svg e-fas-angle-double-down\" viewbox=\"0 0 320 512\" xmlns=\"http:\/\/www.w3.org\/2000\/svg\"><path d=\"M143 256.3L7 120.3c-9.4-9.4-9.4-24.6 0-33.9l22.6-22.6c9.4-9.4 24.6-9.4 33.9 0l96.4 96.4 96.4-96.4c9.4-9.4 24.6-9.4 33.9 0L313 86.3c9.4 9.4 9.4 24.6 0 33.9l-136 136c-9.4 9.5-24.6 9.5-34 .1zm34 192l136-136c9.4-9.4 9.4-24.6 0-33.9l-22.6-22.6c-9.4-9.4-24.6-9.4-33.9 0L160 352.1l-96.4-96.4c-9.4-9.4-24.6-9.4-33.9 0L7 278.3c-9.4 9.4-9.4 24.6 0 33.9l136 136c9.4 9.5 24.6 9.5 34 .1z\"><\/path><\/svg><\/span>\n\t\t<\/span>\n\n\t\t\t\t\t\t<\/summary>\n\t\t\t\t<div role=\"region\" aria-labelledby=\"e-n-accordion-item-1660\" class=\"elementor-element elementor-element-a5c8317 e-con-full e-flex e-con e-child\" data-id=\"a5c8317\" data-element_type=\"container\" data-e-type=\"container\">\n\t\t\t\t<div class=\"elementor-element elementor-element-615bf15 elementor-widget elementor-widget-wd_text_block\" data-id=\"615bf15\" data-element_type=\"widget\" data-e-type=\"widget\" data-widget_type=\"wd_text_block.default\">\n\t\t\t\t<div class=\"elementor-widget-container\">\n\t\t\t\t\t\t\t<div class=\"wd-text-block reset-last-child text-left\">\n\t\t\t\n\t\t\t<p><strong>A:<\/strong> S\u00ed, para productos en stock puede mezclar colores (por ejemplo, 25 Negro + 25 Oro) para cumplir con el MOQ de 50 piezas.<\/p>\n\t\t\t\t\t<\/div>\n\t\t\t\t\t\t<\/div>\n\t\t\t\t<\/div>\n\t\t\t\t<\/div>\n\t\t\t\t\t<\/details>\n\t\t\t\t\t\t<details id=\"e-n-accordion-item-1661\" class=\"e-n-accordion-item\" >\n\t\t\t\t<summary class=\"e-n-accordion-item-title\" data-accordion-index=\"2\" tabindex=\"-1\" aria-expanded=\"false\" aria-controls=\"e-n-accordion-item-1661\" >\n\t\t\t\t\t<span class='e-n-accordion-item-title-header'><div class=\"e-n-accordion-item-title-text\"> \u00bfLa tapa es f\u00e1cil de limpiar? <\/div><\/span>\n\t\t\t\t\t\t\t<span class='e-n-accordion-item-title-icon'>\n\t\t\t<span class='e-opened' ><svg aria-hidden=\"true\" class=\"e-font-icon-svg e-fas-minus\" viewbox=\"0 0 448 512\" xmlns=\"http:\/\/www.w3.org\/2000\/svg\"><path d=\"M416 208H32c-17.67 0-32 14.33-32 32v32c0 17.67 14.33 32 32 32h384c17.67 0 32-14.33 32-32v-32c0-17.67-14.33-32-32-32z\"><\/path><\/svg><\/span>\n\t\t\t<span class='e-closed'><svg aria-hidden=\"true\" class=\"e-font-icon-svg e-fas-angle-double-down\" viewbox=\"0 0 320 512\" xmlns=\"http:\/\/www.w3.org\/2000\/svg\"><path d=\"M143 256.3L7 120.3c-9.4-9.4-9.4-24.6 0-33.9l22.6-22.6c9.4-9.4 24.6-9.4 33.9 0l96.4 96.4 96.4-96.4c9.4-9.4 24.6-9.4 33.9 0L313 86.3c9.4 9.4 9.4 24.6 0 33.9l-136 136c-9.4 9.5-24.6 9.5-34 .1zm34 192l136-136c9.4-9.4 9.4-24.6 0-33.9l-22.6-22.6c-9.4-9.4-24.6-9.4-33.9 0L160 352.1l-96.4-96.4c-9.4-9.4-24.6-9.4-33.9 0L7 278.3c-9.4 9.4-9.4 24.6 0 33.9l136 136c9.4 9.5 24.6 9.5 34 .1z\"><\/path><\/svg><\/span>\n\t\t<\/span>\n\n\t\t\t\t\t\t<\/summary>\n\t\t\t\t<div role=\"region\" aria-labelledby=\"e-n-accordion-item-1661\" class=\"elementor-element elementor-element-88be126 e-con-full e-flex e-con e-child\" data-id=\"88be126\" data-element_type=\"container\" data-e-type=\"container\">\n\t\t\t\t<div class=\"elementor-element elementor-element-f003529 elementor-widget elementor-widget-wd_text_block\" data-id=\"f003529\" data-element_type=\"widget\" data-e-type=\"widget\" data-widget_type=\"wd_text_block.default\">\n\t\t\t\t<div class=\"elementor-widget-container\">\n\t\t\t\t\t\t\t<div class=\"wd-text-block reset-last-child text-left\">\n\t\t\t\n\t\t\t<p><strong>A:<\/strong> S\u00ed, la tapa abatible est\u00e1 dise\u00f1ada para desmontarse y permitir una limpieza profunda. Recomendamos lavar la tapa a mano para proteger los sellos de silicona.<\/p>\n\t\t\t\t\t<\/div>\n\t\t\t\t\t\t<\/div>\n\t\t\t\t<\/div>\n\t\t\t\t<\/div>\n\t\t\t\t\t<\/details>\n\t\t\t\t\t\t<details id=\"e-n-accordion-item-1662\" class=\"e-n-accordion-item\" >\n\t\t\t\t<summary class=\"e-n-accordion-item-title\" data-accordion-index=\"3\" tabindex=\"-1\" aria-expanded=\"false\" aria-controls=\"e-n-accordion-item-1662\" >\n\t\t\t\t\t<span class='e-n-accordion-item-title-header'><div class=\"e-n-accordion-item-title-text\"> \u00bfQu\u00e9 tan r\u00e1pido pueden realizar el env\u00edo? <\/div><\/span>\n\t\t\t\t\t\t\t<span class='e-n-accordion-item-title-icon'>\n\t\t\t<span class='e-opened' ><svg aria-hidden=\"true\" class=\"e-font-icon-svg e-fas-minus\" viewbox=\"0 0 448 512\" xmlns=\"http:\/\/www.w3.org\/2000\/svg\"><path d=\"M416 208H32c-17.67 0-32 14.33-32 32v32c0 17.67 14.33 32 32 32h384c17.67 0 32-14.33 32-32v-32c0-17.67-14.33-32-32-32z\"><\/path><\/svg><\/span>\n\t\t\t<span class='e-closed'><svg aria-hidden=\"true\" class=\"e-font-icon-svg e-fas-angle-double-down\" viewbox=\"0 0 320 512\" xmlns=\"http:\/\/www.w3.org\/2000\/svg\"><path d=\"M143 256.3L7 120.3c-9.4-9.4-9.4-24.6 0-33.9l22.6-22.6c9.4-9.4 24.6-9.4 33.9 0l96.4 96.4 96.4-96.4c9.4-9.4 24.6-9.4 33.9 0L313 86.3c9.4 9.4 9.4 24.6 0 33.9l-136 136c-9.4 9.5-24.6 9.5-34 .1zm34 192l136-136c9.4-9.4 9.4-24.6 0-33.9l-22.6-22.6c-9.4-9.4-24.6-9.4-33.9 0L160 352.1l-96.4-96.4c-9.4-9.4-24.6-9.4-33.9 0L7 278.3c-9.4 9.4-9.4 24.6 0 33.9l136 136c9.4 9.5 24.6 9.5 34 .1z\"><\/path><\/svg><\/span>\n\t\t<\/span>\n\n\t\t\t\t\t\t<\/summary>\n\t\t\t\t<div role=\"region\" aria-labelledby=\"e-n-accordion-item-1662\" class=\"elementor-element elementor-element-5d94321 e-con-full e-flex e-con e-child\" data-id=\"5d94321\" data-element_type=\"container\" data-e-type=\"container\">\n\t\t\t\t<div class=\"elementor-element elementor-element-aeca987 elementor-widget elementor-widget-wd_text_block\" data-id=\"aeca987\" data-element_type=\"widget\" data-e-type=\"widget\" data-widget_type=\"wd_text_block.default\">\n\t\t\t\t<div class=\"elementor-widget-container\">\n\t\t\t\t\t\t\t<div class=\"wd-text-block reset-last-child text-left\">\n\t\t\t\n\t\t\t<p><strong>A:<\/strong> Para colores en stock sin logotipo, enviamos dentro de las 48 horas. Para pedidos con logotipo personalizado, la producci\u00f3n tarda entre 7 y 15 d\u00edas dependiendo de la cantidad. <strong>48 hours<\/strong>. For custom logo orders, production takes 7-15 days depending on quantity.<\/p>\n\t\t\t\t\t<\/div>\n\t\t\t\t\t\t<\/div>\n\t\t\t\t<\/div>\n\t\t\t\t<\/div>\n\t\t\t\t\t<\/details>\n\t\t\t\t\t<\/div>\n\t\t\t\t\t\t<\/div>\n\t\t\t\t<\/div>\n\t\t\t\t<\/div>\n\t\t\t\t<\/div>","protected":false},"excerpt":{"rendered":"<p class=\"translation-block\">Operaci\u00f3n: Apertura con bot\u00f3n de presi\u00f3n con una sola mano (incluye seguro de seguridad)<\/p>\n<p class=\"translation-block\">Aislamiento: Mantiene caliente &gt; 60\u00b0C durante 6 horas \/ Fr\u00edo durante 12 horas<\/p>\n<p class=\"translation-block\">Material: Interior de acero inoxidable 304 de grado alimentario<\/p>\n<p class=\"translation-block\">Dise\u00f1o: Cuerpo delgado (compatible con portavasos de autom\u00f3vil)<\/p>\n<p class=\"translation-block\">Ideal para: Regalos corporativos, empleados de oficina y viajeros diarios<\/p>","protected":false},"featured_media":30566,"comment_status":"closed","ping_status":"closed","template":"","meta":{"_joinchat":[]},"product_brand":[],"product_cat":[82],"product_tag":[],"class_list":{"0":"post-30563","1":"product","2":"type-product","3":"status-publish","4":"has-post-thumbnail","6":"product_cat-wholesale-water-bottles","8":"first","9":"instock","10":"shipping-taxable","11":"product-type-simple"},"_links":{"self":[{"href":"https:\/\/gencore-bottle.com\/es\/wp-json\/wp\/v2\/product\/30563","targetHints":{"allow":["GET"]}}],"collection":[{"href":"https:\/\/gencore-bottle.com\/es\/wp-json\/wp\/v2\/product"}],"about":[{"href":"https:\/\/gencore-bottle.com\/es\/wp-json\/wp\/v2\/types\/product"}],"replies":[{"embeddable":true,"href":"https:\/\/gencore-bottle.com\/es\/wp-json\/wp\/v2\/comments?post=30563"}],"version-history":[{"count":14,"href":"https:\/\/gencore-bottle.com\/es\/wp-json\/wp\/v2\/product\/30563\/revisions"}],"predecessor-version":[{"id":30806,"href":"https:\/\/gencore-bottle.com\/es\/wp-json\/wp\/v2\/product\/30563\/revisions\/30806"}],"wp:featuredmedia":[{"embeddable":true,"href":"https:\/\/gencore-bottle.com\/es\/wp-json\/wp\/v2\/media\/30566"}],"wp:attachment":[{"href":"https:\/\/gencore-bottle.com\/es\/wp-json\/wp\/v2\/media?parent=30563"}],"wp:term":[{"taxonomy":"product_brand","embeddable":true,"href":"https:\/\/gencore-bottle.com\/es\/wp-json\/wp\/v2\/product_brand?post=30563"},{"taxonomy":"product_cat","embeddable":true,"href":"https:\/\/gencore-bottle.com\/es\/wp-json\/wp\/v2\/product_cat?post=30563"},{"taxonomy":"product_tag","embeddable":true,"href":"https:\/\/gencore-bottle.com\/es\/wp-json\/wp\/v2\/product_tag?post=30563"}],"curies":[{"name":"wp","href":"https:\/\/api.w.org\/{rel}","templated":true}]}}