{"id":30506,"date":"2026-02-25T09:07:25","date_gmt":"2026-02-25T01:07:25","guid":{"rendered":"https:\/\/gencore-bottle.com\/?post_type=product&#038;p=30506"},"modified":"2026-03-04T14:25:04","modified_gmt":"2026-03-04T06:25:04","slug":"wholesale-small-mouth-insulated-water-bottle","status":"publish","type":"product","link":"https:\/\/gencore-bottle.com\/es\/products\/wholesale-small-mouth-insulated-water-bottle\/","title":{"rendered":"Botella de agua con aislamiento al vac\u00edo y boca estrecha al por mayor \u2013 OEM\/ODM personalizado"},"content":{"rendered":"<div data-elementor-type=\"wp-post\" data-elementor-id=\"30506\" class=\"elementor elementor-30506\">\n\t\t\t\t<div class=\"elementor-element elementor-element-1065db9 e-con-full e-flex e-con e-child\" data-id=\"1065db9\" data-element_type=\"container\" data-e-type=\"container\">\n\t\t<div class=\"elementor-element elementor-element-15b28e7 e-con-full e-flex e-con e-child\" data-id=\"15b28e7\" data-element_type=\"container\" data-e-type=\"container\" data-settings=\"{&quot;background_background&quot;:&quot;classic&quot;}\">\n\t\t\t\t<div class=\"elementor-element elementor-element-04df27f elementor-widget elementor-widget-heading\" data-id=\"04df27f\" data-element_type=\"widget\" data-e-type=\"widget\" data-widget_type=\"heading.default\">\n\t\t\t\t\t<h2 class=\"elementor-heading-title elementor-size-default\">CARACTER\u00cdSTICAS PRINCIPALES<\/h2>\t\t\t\t<\/div>\n\t\t\t\t<\/div>\n\t\t<div class=\"elementor-element elementor-element-a24ac8a e-con-full e-flex e-con e-child\" data-id=\"a24ac8a\" data-element_type=\"container\" data-e-type=\"container\" data-settings=\"{&quot;background_background&quot;:&quot;classic&quot;}\">\n\t\t<div class=\"elementor-element elementor-element-d8a4ac8 e-con-full e-flex e-con e-child\" data-id=\"d8a4ac8\" data-element_type=\"container\" data-e-type=\"container\">\n\t\t\t\t<div class=\"elementor-element elementor-element-84cb60e elementor-widget elementor-widget-image\" data-id=\"84cb60e\" data-element_type=\"widget\" data-e-type=\"widget\" data-widget_type=\"image.default\">\n\t\t\t\t\t\t\t\t\t\t\t\t\t\t\t<img decoding=\"async\" width=\"1600\" height=\"1600\" src=\"https:\/\/gencore-bottle.com\/wp-content\/themes\/woodmart\/images\/lazy.svg\" class=\"attachment-full size-full wp-image-31239\" alt=\"Thermal performance diagram of Gencore water bottle: 24 hours cold and 12 hours hot insulation.\" loading=\"lazy\" srcset=\"\" sizes=\"auto, (max-width: 1600px) 100vw, 1600px\" data-src=\"https:\/\/gencore-bottle.com\/wp-content\/uploads\/2026\/02\/12h-cold-6h-hot-thermal-insulation-bottle_proc.webp\" data-srcset=\"https:\/\/gencore-bottle.com\/wp-content\/uploads\/2026\/02\/12h-cold-6h-hot-thermal-insulation-bottle_proc.webp 1600w, https:\/\/gencore-bottle.com\/wp-content\/uploads\/2026\/02\/12h-cold-6h-hot-thermal-insulation-bottle_proc-430x430.webp 430w, https:\/\/gencore-bottle.com\/wp-content\/uploads\/2026\/02\/12h-cold-6h-hot-thermal-insulation-bottle_proc-100x100.webp 100w, https:\/\/gencore-bottle.com\/wp-content\/uploads\/2026\/02\/12h-cold-6h-hot-thermal-insulation-bottle_proc-700x700.webp 700w, https:\/\/gencore-bottle.com\/wp-content\/uploads\/2026\/02\/12h-cold-6h-hot-thermal-insulation-bottle_proc-300x300.webp 300w, https:\/\/gencore-bottle.com\/wp-content\/uploads\/2026\/02\/12h-cold-6h-hot-thermal-insulation-bottle_proc-800x800.webp 800w, https:\/\/gencore-bottle.com\/wp-content\/uploads\/2026\/02\/12h-cold-6h-hot-thermal-insulation-bottle_proc-150x150.webp 150w, https:\/\/gencore-bottle.com\/wp-content\/uploads\/2026\/02\/12h-cold-6h-hot-thermal-insulation-bottle_proc-768x768.webp 768w, https:\/\/gencore-bottle.com\/wp-content\/uploads\/2026\/02\/12h-cold-6h-hot-thermal-insulation-bottle_proc-1536x1536.webp 1536w, https:\/\/gencore-bottle.com\/wp-content\/uploads\/2026\/02\/12h-cold-6h-hot-thermal-insulation-bottle_proc-12x12.webp 12w\" \/>\t\t\t\t\t\t\t\t\t\t\t\t\t\t\t<\/div>\n\t\t\t\t<\/div>\n\t\t<div class=\"elementor-element elementor-element-9694abc e-con-full e-flex e-con e-child\" data-id=\"9694abc\" data-element_type=\"container\" data-e-type=\"container\">\n\t\t\t\t<div class=\"elementor-element elementor-element-12e27bf elementor-widget elementor-widget-heading\" data-id=\"12e27bf\" data-element_type=\"widget\" data-e-type=\"widget\" data-widget_type=\"heading.default\">\n\t\t\t\t\t<h3 class=\"elementor-heading-title elementor-size-default\">AISLAMIENTO AL VAC\u00cdO DE DOBLE PARED AVANZADO<\/h3>\t\t\t\t<\/div>\n\t\t\t\t<div class=\"elementor-element elementor-element-18711cc elementor-widget elementor-widget-wd_text_block\" data-id=\"18711cc\" data-element_type=\"widget\" data-e-type=\"widget\" data-widget_type=\"wd_text_block.default\">\n\t\t\t\t<div class=\"elementor-widget-container\">\n\t\t\t\t\t\t\t<div class=\"wd-text-block reset-last-child text-left color-primary\">\n\t\t\t\n\t\t\t<p class=\"translation-block\">Dise\u00f1ada con tecnolog\u00eda t\u00e9rmica superior, esta taza de caf\u00e9 de doble pared con tapa bloquea la temperatura de manera efectiva. Mantiene el caf\u00e9 de la ma\u00f1ana muy caliente durante 12 horas y la hidrataci\u00f3n helada hasta por 24 horas. Sin sudor, sin anillos de condensaci\u00f3n en su escritorio.<\/p>\n\t\t\t\t\t<\/div>\n\t\t\t\t\t\t<\/div>\n\t\t\t\t<\/div>\n\t\t\t\t<\/div>\n\t\t\t\t<\/div>\n\t\t<div class=\"elementor-element elementor-element-3b5f5b7 e-con-full e-flex e-con e-child\" data-id=\"3b5f5b7\" data-element_type=\"container\" data-e-type=\"container\" data-settings=\"{&quot;background_background&quot;:&quot;classic&quot;}\">\n\t\t<div class=\"elementor-element elementor-element-e1b0fa9 e-con-full e-flex e-con e-child\" data-id=\"e1b0fa9\" data-element_type=\"container\" data-e-type=\"container\">\n\t\t\t\t<div class=\"elementor-element elementor-element-c399763 elementor-widget elementor-widget-image\" data-id=\"c399763\" data-element_type=\"widget\" data-e-type=\"widget\" data-widget_type=\"image.default\">\n\t\t\t\t\t\t\t\t\t\t\t\t\t\t\t<img decoding=\"async\" width=\"1600\" height=\"1600\" src=\"https:\/\/gencore-bottle.com\/wp-content\/themes\/woodmart\/images\/lazy.svg\" class=\"attachment-full size-full wp-image-30516\" alt=\"\" loading=\"lazy\" srcset=\"\" sizes=\"auto, (max-width: 1600px) 100vw, 1600px\" data-src=\"https:\/\/gencore-bottle.com\/wp-content\/uploads\/2026\/02\/vacuum-insulated-bottle-technical-structure.webp\" data-srcset=\"https:\/\/gencore-bottle.com\/wp-content\/uploads\/2026\/02\/vacuum-insulated-bottle-technical-structure.webp 1600w, https:\/\/gencore-bottle.com\/wp-content\/uploads\/2026\/02\/vacuum-insulated-bottle-technical-structure-430x430.webp 430w, https:\/\/gencore-bottle.com\/wp-content\/uploads\/2026\/02\/vacuum-insulated-bottle-technical-structure-100x100.webp 100w, https:\/\/gencore-bottle.com\/wp-content\/uploads\/2026\/02\/vacuum-insulated-bottle-technical-structure-700x700.webp 700w, https:\/\/gencore-bottle.com\/wp-content\/uploads\/2026\/02\/vacuum-insulated-bottle-technical-structure-300x300.webp 300w, https:\/\/gencore-bottle.com\/wp-content\/uploads\/2026\/02\/vacuum-insulated-bottle-technical-structure-800x800.webp 800w, https:\/\/gencore-bottle.com\/wp-content\/uploads\/2026\/02\/vacuum-insulated-bottle-technical-structure-150x150.webp 150w, https:\/\/gencore-bottle.com\/wp-content\/uploads\/2026\/02\/vacuum-insulated-bottle-technical-structure-768x768.webp 768w, https:\/\/gencore-bottle.com\/wp-content\/uploads\/2026\/02\/vacuum-insulated-bottle-technical-structure-1536x1536.webp 1536w\" \/>\t\t\t\t\t\t\t\t\t\t\t\t\t\t\t<\/div>\n\t\t\t\t<\/div>\n\t\t<div class=\"elementor-element elementor-element-3189b66 e-con-full e-flex e-con e-child\" data-id=\"3189b66\" data-element_type=\"container\" data-e-type=\"container\">\n\t\t\t\t<div class=\"elementor-element elementor-element-860df41 elementor-widget elementor-widget-heading\" data-id=\"860df41\" data-element_type=\"widget\" data-e-type=\"widget\" data-widget_type=\"heading.default\">\n\t\t\t\t\t<h3 class=\"elementor-heading-title elementor-size-default\">CONSTRUIDO PARA LA AVENTURA: ACERO INOXIDABLE 18\/8<\/h3>\t\t\t\t<\/div>\n\t\t\t\t<div class=\"elementor-element elementor-element-d6e20af elementor-widget elementor-widget-wd_text_block\" data-id=\"d6e20af\" data-element_type=\"widget\" data-e-type=\"widget\" data-widget_type=\"wd_text_block.default\">\n\t\t\t\t<div class=\"elementor-widget-container\">\n\t\t\t\t\t\t\t<div class=\"wd-text-block reset-last-child text-left color-primary\">\n\t\t\t\n\t\t\t<p class=\"translation-block\">La seguridad es nuestra prioridad. Como fabricante responsable de recipientes para bebidas OEM en China, utilizamos \u00fanicamente acero inoxidable 18\/8 de grado alimenticio premium. Es resistente a perforaciones, inoxidable y garantiza que no haya transferencia de sabor met\u00e1lico. Cumple totalmente con las normativas FDA\/LFGB.<\/p>\n\t\t\t\t\t<\/div>\n\t\t\t\t\t\t<\/div>\n\t\t\t\t<\/div>\n\t\t\t\t<\/div>\n\t\t\t\t<\/div>\n\t\t<div class=\"elementor-element elementor-element-a53cea1 e-con-full e-flex e-con e-child\" data-id=\"a53cea1\" data-element_type=\"container\" data-e-type=\"container\" data-settings=\"{&quot;background_background&quot;:&quot;classic&quot;}\">\n\t\t<div class=\"elementor-element elementor-element-68aacc3 e-con-full e-flex e-con e-child\" data-id=\"68aacc3\" data-element_type=\"container\" data-e-type=\"container\">\n\t\t\t\t<div class=\"elementor-element elementor-element-acd91a4 elementor-widget elementor-widget-image\" data-id=\"acd91a4\" data-element_type=\"widget\" data-e-type=\"widget\" data-widget_type=\"image.default\">\n\t\t\t\t\t\t\t\t\t\t\t\t\t\t\t<img decoding=\"async\" width=\"1600\" height=\"1600\" src=\"https:\/\/gencore-bottle.com\/wp-content\/themes\/woodmart\/images\/lazy.svg\" class=\"attachment-full size-full wp-image-30519\" alt=\"Custom insulated water bottle for outdoor camping and hiking brands - Gencore B2B OEM supply.\" loading=\"lazy\" srcset=\"\" sizes=\"auto, (max-width: 1600px) 100vw, 1600px\" data-src=\"https:\/\/gencore-bottle.com\/wp-content\/uploads\/2026\/02\/custom-insulated-water-bottle-outdoor-camping.webp\" data-srcset=\"https:\/\/gencore-bottle.com\/wp-content\/uploads\/2026\/02\/custom-insulated-water-bottle-outdoor-camping.webp 1600w, https:\/\/gencore-bottle.com\/wp-content\/uploads\/2026\/02\/custom-insulated-water-bottle-outdoor-camping-430x430.webp 430w, https:\/\/gencore-bottle.com\/wp-content\/uploads\/2026\/02\/custom-insulated-water-bottle-outdoor-camping-100x100.webp 100w, https:\/\/gencore-bottle.com\/wp-content\/uploads\/2026\/02\/custom-insulated-water-bottle-outdoor-camping-700x700.webp 700w, https:\/\/gencore-bottle.com\/wp-content\/uploads\/2026\/02\/custom-insulated-water-bottle-outdoor-camping-300x300.webp 300w, https:\/\/gencore-bottle.com\/wp-content\/uploads\/2026\/02\/custom-insulated-water-bottle-outdoor-camping-800x800.webp 800w, https:\/\/gencore-bottle.com\/wp-content\/uploads\/2026\/02\/custom-insulated-water-bottle-outdoor-camping-150x150.webp 150w, https:\/\/gencore-bottle.com\/wp-content\/uploads\/2026\/02\/custom-insulated-water-bottle-outdoor-camping-768x768.webp 768w, https:\/\/gencore-bottle.com\/wp-content\/uploads\/2026\/02\/custom-insulated-water-bottle-outdoor-camping-1536x1536.webp 1536w\" \/>\t\t\t\t\t\t\t\t\t\t\t\t\t\t\t<\/div>\n\t\t\t\t<\/div>\n\t\t<div class=\"elementor-element elementor-element-55458f9 e-con-full e-flex e-con e-child\" data-id=\"55458f9\" data-element_type=\"container\" data-e-type=\"container\">\n\t\t\t\t<div class=\"elementor-element elementor-element-74b6139 elementor-widget elementor-widget-heading\" data-id=\"74b6139\" data-element_type=\"widget\" data-e-type=\"widget\" data-widget_type=\"heading.default\">\n\t\t\t\t\t<h3 class=\"elementor-heading-title elementor-size-default\">100% A PRUEBA DE FUGAS E IDEAL PARA VIAJES DIARIOS<\/h3>\t\t\t\t<\/div>\n\t\t\t\t<div class=\"elementor-element elementor-element-1ac9adf elementor-widget elementor-widget-wd_text_block\" data-id=\"1ac9adf\" data-element_type=\"widget\" data-e-type=\"widget\" data-widget_type=\"wd_text_block.default\">\n\t\t\t\t<div class=\"elementor-widget-container\">\n\t\t\t\t\t\t\t<div class=\"wd-text-block reset-last-child text-left color-primary\">\n\t\t\t\n\t\t\t<p class=\"translation-block\">Cuenta con una tapa de rosca abatible con una junta de silicona gruesa para garantizar cero fugas dentro de las mochilas. El dise\u00f1o de cuerpo c\u00f3nico hace que esta robusta taza de viaje para exteriores encaje perfectamente en la mayor\u00eda de los portavasos est\u00e1ndar de coche (tama\u00f1o comparable a Yeti\/Stanley).<\/p>\n\t\t\t\t\t<\/div>\n\t\t\t\t\t\t<\/div>\n\t\t\t\t<\/div>\n\t\t\t\t<\/div>\n\t\t\t\t<\/div>\n\t\t<div class=\"elementor-element elementor-element-c178f0d e-con-full e-flex e-con e-child\" data-id=\"c178f0d\" data-element_type=\"container\" data-e-type=\"container\" data-settings=\"{&quot;background_background&quot;:&quot;classic&quot;}\">\n\t\t\t\t<div class=\"elementor-element elementor-element-0d5ad7d elementor-widget elementor-widget-heading\" data-id=\"0d5ad7d\" data-element_type=\"widget\" data-e-type=\"widget\" data-widget_type=\"heading.default\">\n\t\t\t\t\t<h2 class=\"elementor-heading-title elementor-size-default\">ESPECIFICACIONES<\/h2>\t\t\t\t<\/div>\n\t\t\t\t<div class=\"elementor-element elementor-element-829c476 elementor-widget elementor-widget-html\" data-id=\"829c476\" data-element_type=\"widget\" data-e-type=\"widget\" data-widget_type=\"html.default\">\n\t\t\t\t\t<style>\n    \/* 1. \u54cd\u5e94\u5f0f\u6eda\u52a8\u5bb9\u5668\u8bbe\u7f6e *\/\n    .gencore-scroll-wrapper {\n        width: 100%;\n        overflow-x: auto; \/* \u5f00\u542f\u6a2a\u5411\u6eda\u52a8 *\/\n        margin: 20px 0;\n        border: 1px solid #eeeeee; \/* \u7ed9\u8868\u683c\u52a0\u4e00\u4e2a\u7ec6\u8fb9\u6846\uff0c\u663e\u9ad8\u7aef *\/\n        border-radius: 4px;\n    }\n\n    \/* 2. \u8868\u683c\u6838\u5fc3\u6837\u5f0f *\/\n    .gencore-local-table {\n        width: 100%;\n        border-collapse: collapse;\n        font-family: sans-serif;\n        background-color: #ffffff;\n    }\n\n    \/* 3. \u624b\u673a\u7aef\u5f3a\u5236\u6700\u5c0f\u5bbd\u5ea6\uff08\u8fd9\u662f\u4ea7\u751f\u6ed1\u52a8\u7684\u5173\u952e\uff09 *\/\n    @media (max-width: 768px) {\n        .gencore-local-table {\n            min-width: 500px; \/* \u5728\u624b\u673a\u4e0a\u8868\u683c\u81f3\u5c11\u5bbd500px\uff0c\u4fdd\u8bc1\u6587\u5b57\u4e0d\u6324\u538b *\/\n        }\n    }\n\n    .gencore-local-table th {\n        text-align: left;\n        padding: 15px 20px;\n        background-color: #f5f5f5;\n        font-weight: 700;\n        text-transform: uppercase;\n        font-size: 13px;\n        border-bottom: 2px solid #222222;\n    }\n\n    .gencore-local-table td {\n        padding: 15px 20px;\n        border-bottom: 1px solid #eeeeee;\n        font-size: 14px;\n        color: #333;\n    }\n\n    \/* \u6591\u9a6c\u7eb9\u6548\u679c *\/\n    .gencore-local-table tr:nth-child(even) {\n        background-color: #f9f9f9;\n    }\n<\/style>\n\n<div class=\"gencore-scroll-wrapper\">\n    <table class=\"gencore-local-table\">\n        <thead>\n            <tr>\n                <th>PAR\u00c1METRO<\/th>\n                <th>DETALLES<\/th>\n            <\/tr>\n        <\/thead>\n        <tbody>\n            <tr><td><strong>Nombre del Producto<\/strong><\/td><td>Termo de 40 oz de la serie Rugged Adventure<\/td><\/tr>\n            <tr><td><strong>Material<\/strong><\/td><td>Acero Inoxidable 18\/8 (304) de Grado Alimenticio<\/td><\/tr>\n            <tr><td><strong>Aislamiento<\/strong><\/td><td>Vac\u00edo de Doble Pared + Revestimiento de Cobre<\/td><\/tr>\n            <tr><td><strong>Capacidad<\/strong><\/td><td>40 oz \/ 1200 ml<\/td><\/tr>\n            <tr><td><strong>Rendimiento T\u00e9rmico<\/strong><\/td><td>18-24 h Fr\u00edo \/ 12 h Calor<\/td><\/tr>\n            <tr><td><strong>Certificado<\/strong><\/td><td>Cumple con FDA, LFGB, CA65<\/td><\/tr>\n        <\/tbody>\n    <\/table>\n<\/div>\t\t\t\t<\/div>\n\t\t\t\t<\/div>\n\t\t<div class=\"elementor-element elementor-element-04759ed e-con-full e-flex e-con e-child\" data-id=\"04759ed\" data-element_type=\"container\" data-e-type=\"container\">\n\t\t\t\t<div class=\"elementor-element elementor-element-884c940 elementor-widget elementor-widget-heading\" data-id=\"884c940\" data-element_type=\"widget\" data-e-type=\"widget\" data-widget_type=\"heading.default\">\n\t\t\t\t\t<h2 class=\"elementor-heading-title elementor-size-default\">PREGUNTAS FRECUENTES<\/h2>\t\t\t\t<\/div>\n\t\t\t\t<div class=\"elementor-element elementor-element-1516ad1 elementor-widget elementor-widget-n-accordion\" data-id=\"1516ad1\" data-element_type=\"widget\" data-e-type=\"widget\" data-settings=\"{&quot;default_state&quot;:&quot;expanded&quot;,&quot;max_items_expended&quot;:&quot;one&quot;,&quot;n_accordion_animation_duration&quot;:{&quot;unit&quot;:&quot;ms&quot;,&quot;size&quot;:400,&quot;sizes&quot;:[]}}\" data-widget_type=\"nested-accordion.default\">\n\t\t\t\t\t\t\t<div class=\"e-n-accordion\" aria-label=\"Accordion. Open links with Enter or Space, close with Escape, and navigate with Arrow Keys\">\n\t\t\t\t\t\t<details id=\"e-n-accordion-item-2210\" class=\"e-n-accordion-item\" open>\n\t\t\t\t<summary class=\"e-n-accordion-item-title\" data-accordion-index=\"1\" tabindex=\"0\" aria-expanded=\"true\" aria-controls=\"e-n-accordion-item-2210\" >\n\t\t\t\t\t<span class='e-n-accordion-item-title-header'><div class=\"e-n-accordion-item-title-text\"> \u00bfCu\u00e1l es la Cantidad M\u00ednima de Pedido (MOQ) para pedidos personalizados? <\/div><\/span>\n\t\t\t\t\t\t\t<span class='e-n-accordion-item-title-icon'>\n\t\t\t<span class='e-opened' ><svg aria-hidden=\"true\" class=\"e-font-icon-svg e-fas-minus\" viewbox=\"0 0 448 512\" xmlns=\"http:\/\/www.w3.org\/2000\/svg\"><path d=\"M416 208H32c-17.67 0-32 14.33-32 32v32c0 17.67 14.33 32 32 32h384c17.67 0 32-14.33 32-32v-32c0-17.67-14.33-32-32-32z\"><\/path><\/svg><\/span>\n\t\t\t<span class='e-closed'><svg aria-hidden=\"true\" class=\"e-font-icon-svg e-fas-angle-double-down\" viewbox=\"0 0 320 512\" xmlns=\"http:\/\/www.w3.org\/2000\/svg\"><path d=\"M143 256.3L7 120.3c-9.4-9.4-9.4-24.6 0-33.9l22.6-22.6c9.4-9.4 24.6-9.4 33.9 0l96.4 96.4 96.4-96.4c9.4-9.4 24.6-9.4 33.9 0L313 86.3c9.4 9.4 9.4 24.6 0 33.9l-136 136c-9.4 9.5-24.6 9.5-34 .1zm34 192l136-136c9.4-9.4 9.4-24.6 0-33.9l-22.6-22.6c-9.4-9.4-24.6-9.4-33.9 0L160 352.1l-96.4-96.4c-9.4-9.4-24.6-9.4-33.9 0L7 278.3c-9.4 9.4-9.4 24.6 0 33.9l136 136c9.4 9.5 24.6 9.5 34 .1z\"><\/path><\/svg><\/span>\n\t\t<\/span>\n\n\t\t\t\t\t\t<\/summary>\n\t\t\t\t<div role=\"region\" aria-labelledby=\"e-n-accordion-item-2210\" class=\"elementor-element elementor-element-1b78f11 e-con-full e-flex e-con e-child\" data-id=\"1b78f11\" data-element_type=\"container\" data-e-type=\"container\">\n\t\t\t\t<div class=\"elementor-element elementor-element-168c742 elementor-widget elementor-widget-wd_text_block\" data-id=\"168c742\" data-element_type=\"widget\" data-e-type=\"widget\" data-widget_type=\"wd_text_block.default\">\n\t\t\t\t<div class=\"elementor-widget-container\">\n\t\t\t\t\t\t\t<div class=\"wd-text-block reset-last-child text-left\">\n\t\t\t\n\t\t\t<p>Nuestro MOQ est\u00e1ndar para personalizaci\u00f3n de marca (logotipo y color) es de 500 unidades por dise\u00f1o. Para art\u00edculos en stock sin personalizaci\u00f3n, aceptamos cantidades menores a partir de 50 unidades.<\/p>\n\t\t\t\t\t<\/div>\n\t\t\t\t\t\t<\/div>\n\t\t\t\t<\/div>\n\t\t\t\t<\/div>\n\t\t\t\t\t<\/details>\n\t\t\t\t\t\t<details id=\"e-n-accordion-item-2211\" class=\"e-n-accordion-item\" >\n\t\t\t\t<summary class=\"e-n-accordion-item-title\" data-accordion-index=\"2\" tabindex=\"-1\" aria-expanded=\"false\" aria-controls=\"e-n-accordion-item-2211\" >\n\t\t\t\t\t<span class='e-n-accordion-item-title-header'><div class=\"e-n-accordion-item-title-text\"> \u00bfPuedo obtener muestras antes de realizar un pedido al por mayor? <\/div><\/span>\n\t\t\t\t\t\t\t<span class='e-n-accordion-item-title-icon'>\n\t\t\t<span class='e-opened' ><svg aria-hidden=\"true\" class=\"e-font-icon-svg e-fas-minus\" viewbox=\"0 0 448 512\" xmlns=\"http:\/\/www.w3.org\/2000\/svg\"><path d=\"M416 208H32c-17.67 0-32 14.33-32 32v32c0 17.67 14.33 32 32 32h384c17.67 0 32-14.33 32-32v-32c0-17.67-14.33-32-32-32z\"><\/path><\/svg><\/span>\n\t\t\t<span class='e-closed'><svg aria-hidden=\"true\" class=\"e-font-icon-svg e-fas-angle-double-down\" viewbox=\"0 0 320 512\" xmlns=\"http:\/\/www.w3.org\/2000\/svg\"><path d=\"M143 256.3L7 120.3c-9.4-9.4-9.4-24.6 0-33.9l22.6-22.6c9.4-9.4 24.6-9.4 33.9 0l96.4 96.4 96.4-96.4c9.4-9.4 24.6-9.4 33.9 0L313 86.3c9.4 9.4 9.4 24.6 0 33.9l-136 136c-9.4 9.5-24.6 9.5-34 .1zm34 192l136-136c9.4-9.4 9.4-24.6 0-33.9l-22.6-22.6c-9.4-9.4-24.6-9.4-33.9 0L160 352.1l-96.4-96.4c-9.4-9.4-24.6-9.4-33.9 0L7 278.3c-9.4 9.4-9.4 24.6 0 33.9l136 136c9.4 9.5 24.6 9.5 34 .1z\"><\/path><\/svg><\/span>\n\t\t<\/span>\n\n\t\t\t\t\t\t<\/summary>\n\t\t\t\t<div role=\"region\" aria-labelledby=\"e-n-accordion-item-2211\" class=\"elementor-element elementor-element-61ffd35 e-con-full e-flex e-con e-child\" data-id=\"61ffd35\" data-element_type=\"container\" data-e-type=\"container\">\n\t\t\t\t<div class=\"elementor-element elementor-element-f7e46b5 elementor-widget elementor-widget-wd_text_block\" data-id=\"f7e46b5\" data-element_type=\"widget\" data-e-type=\"widget\" data-widget_type=\"wd_text_block.default\">\n\t\t\t\t<div class=\"elementor-widget-container\">\n\t\t\t\t\t\t\t<div class=\"wd-text-block reset-last-child text-left\">\n\t\t\t\n\t\t\t<p>\u00a1Absolutamente! Ofrecemos muestras de stock para evaluaci\u00f3n de calidad (flete por cobrar). Para muestras de preproducci\u00f3n personalizadas, se aplica una peque\u00f1a tarifa de configuraci\u00f3n que es reembolsable al realizar el pedido al por mayor.<\/p>\n\t\t\t\t\t<\/div>\n\t\t\t\t\t\t<\/div>\n\t\t\t\t<\/div>\n\t\t\t\t<\/div>\n\t\t\t\t\t<\/details>\n\t\t\t\t\t\t<details id=\"e-n-accordion-item-2212\" class=\"e-n-accordion-item\" >\n\t\t\t\t<summary class=\"e-n-accordion-item-title\" data-accordion-index=\"3\" tabindex=\"-1\" aria-expanded=\"false\" aria-controls=\"e-n-accordion-item-2212\" >\n\t\t\t\t\t<span class='e-n-accordion-item-title-header'><div class=\"e-n-accordion-item-title-text\"> \u00bfCu\u00e1l es el tiempo de entrega habitual para la fabricaci\u00f3n al por mayor? <\/div><\/span>\n\t\t\t\t\t\t\t<span class='e-n-accordion-item-title-icon'>\n\t\t\t<span class='e-opened' ><svg aria-hidden=\"true\" class=\"e-font-icon-svg e-fas-minus\" viewbox=\"0 0 448 512\" xmlns=\"http:\/\/www.w3.org\/2000\/svg\"><path d=\"M416 208H32c-17.67 0-32 14.33-32 32v32c0 17.67 14.33 32 32 32h384c17.67 0 32-14.33 32-32v-32c0-17.67-14.33-32-32-32z\"><\/path><\/svg><\/span>\n\t\t\t<span class='e-closed'><svg aria-hidden=\"true\" class=\"e-font-icon-svg e-fas-angle-double-down\" viewbox=\"0 0 320 512\" xmlns=\"http:\/\/www.w3.org\/2000\/svg\"><path d=\"M143 256.3L7 120.3c-9.4-9.4-9.4-24.6 0-33.9l22.6-22.6c9.4-9.4 24.6-9.4 33.9 0l96.4 96.4 96.4-96.4c9.4-9.4 24.6-9.4 33.9 0L313 86.3c9.4 9.4 9.4 24.6 0 33.9l-136 136c-9.4 9.5-24.6 9.5-34 .1zm34 192l136-136c9.4-9.4 9.4-24.6 0-33.9l-22.6-22.6c-9.4-9.4-24.6-9.4-33.9 0L160 352.1l-96.4-96.4c-9.4-9.4-24.6-9.4-33.9 0L7 278.3c-9.4 9.4-9.4 24.6 0 33.9l136 136c9.4 9.5 24.6 9.5 34 .1z\"><\/path><\/svg><\/span>\n\t\t<\/span>\n\n\t\t\t\t\t\t<\/summary>\n\t\t\t\t<div role=\"region\" aria-labelledby=\"e-n-accordion-item-2212\" class=\"elementor-element elementor-element-832b0c6 e-con-full e-flex e-con e-child\" data-id=\"832b0c6\" data-element_type=\"container\" data-e-type=\"container\">\n\t\t\t\t<div class=\"elementor-element elementor-element-df86eb5 elementor-widget elementor-widget-wd_text_block\" data-id=\"df86eb5\" data-element_type=\"widget\" data-e-type=\"widget\" data-widget_type=\"wd_text_block.default\">\n\t\t\t\t<div class=\"elementor-widget-container\">\n\t\t\t\t\t\t\t<div class=\"wd-text-block reset-last-child text-left\">\n\t\t\t\n\t\t\t<p>Para pedidos est\u00e1ndar al por mayor, el tiempo de entrega es de 15 a 20 d\u00edas. Para pedidos personalizados OEM\/ODM que requieren acabados de superficie especializados, suele tardar entre 25 y 35 d\u00edas tras la aprobaci\u00f3n de la muestra.<\/p>\n\t\t\t\t\t<\/div>\n\t\t\t\t\t\t<\/div>\n\t\t\t\t<\/div>\n\t\t\t\t<\/div>\n\t\t\t\t\t<\/details>\n\t\t\t\t\t<\/div>\n\t\t\t\t\t\t<\/div>\n\t\t\t\t<\/div>\n\t\t\t\t<\/div>\n\t\t\t\t<\/div>","protected":false},"excerpt":{"rendered":"<p class=\"ng-star-inserted\"><strong class=\"ng-star-inserted\"><span class=\"ng-star-inserted\">Capacidad<\/span><\/strong><span class=\"ng-star-inserted\">\u00a0350ml \/ 500ml \/ 750ml \/ 1000ml.<\/span><\/p>\n<p class=\"ng-star-inserted\"><strong class=\"ng-star-inserted\"><span class=\"ng-star-inserted\">Material:<\/span><\/strong><span class=\"ng-star-inserted\">\u00a0Acero inoxidable 18\/8 (304) de grado alimenticio.<\/span><\/p>\n<p class=\"ng-star-inserted\"><strong class=\"ng-star-inserted\"><span class=\"ng-star-inserted\">Acabado<\/span><\/strong><span class=\"ng-star-inserted\">\u00a0Pintura de goma premium (Antideslizante y duradero).<\/span><\/p>\n<p class=\"ng-star-inserted\"><strong class=\"ng-star-inserted\"><span class=\"ng-star-inserted\">Rendimiento<\/span><\/strong><span class=\"ng-star-inserted\">\u00a012H Cold \/ 6H Hot.<\/span><\/p>\n<p class=\"ng-star-inserted translation-block\">MOQ: 500 piezas (Personalizaci\u00f3n de logotipo y color disponible)<\/p>","protected":false},"featured_media":30512,"comment_status":"closed","ping_status":"closed","template":"","meta":{"_joinchat":[]},"product_brand":[],"product_cat":[82],"product_tag":[],"class_list":{"0":"post-30506","1":"product","2":"type-product","3":"status-publish","4":"has-post-thumbnail","6":"product_cat-wholesale-water-bottles","8":"first","9":"instock","10":"shipping-taxable","11":"product-type-simple"},"_links":{"self":[{"href":"https:\/\/gencore-bottle.com\/es\/wp-json\/wp\/v2\/product\/30506","targetHints":{"allow":["GET"]}}],"collection":[{"href":"https:\/\/gencore-bottle.com\/es\/wp-json\/wp\/v2\/product"}],"about":[{"href":"https:\/\/gencore-bottle.com\/es\/wp-json\/wp\/v2\/types\/product"}],"replies":[{"embeddable":true,"href":"https:\/\/gencore-bottle.com\/es\/wp-json\/wp\/v2\/comments?post=30506"}],"version-history":[{"count":31,"href":"https:\/\/gencore-bottle.com\/es\/wp-json\/wp\/v2\/product\/30506\/revisions"}],"predecessor-version":[{"id":31245,"href":"https:\/\/gencore-bottle.com\/es\/wp-json\/wp\/v2\/product\/30506\/revisions\/31245"}],"wp:featuredmedia":[{"embeddable":true,"href":"https:\/\/gencore-bottle.com\/es\/wp-json\/wp\/v2\/media\/30512"}],"wp:attachment":[{"href":"https:\/\/gencore-bottle.com\/es\/wp-json\/wp\/v2\/media?parent=30506"}],"wp:term":[{"taxonomy":"product_brand","embeddable":true,"href":"https:\/\/gencore-bottle.com\/es\/wp-json\/wp\/v2\/product_brand?post=30506"},{"taxonomy":"product_cat","embeddable":true,"href":"https:\/\/gencore-bottle.com\/es\/wp-json\/wp\/v2\/product_cat?post=30506"},{"taxonomy":"product_tag","embeddable":true,"href":"https:\/\/gencore-bottle.com\/es\/wp-json\/wp\/v2\/product_tag?post=30506"}],"curies":[{"name":"wp","href":"https:\/\/api.w.org\/{rel}","templated":true}]}}